{"id":252,"date":"2023-04-06T20:39:29","date_gmt":"2023-04-07T01:39:29","guid":{"rendered":"http:\/\/designqualityglass.com\/?page_id=252"},"modified":"2025-01-04T19:25:33","modified_gmt":"2025-01-05T01:25:33","slug":"cancel-de-bano","status":"publish","type":"page","link":"https:\/\/designqualityglass.com\/index.php\/cancel-de-bano\/","title":{"rendered":"Cancel de ba\u00f1o"},"content":{"rendered":"<p>[et_pb_section fb_built=\u00bb1&#8243; _builder_version=\u00bb4.20.4&#8243; _module_preset=\u00bbdefault\u00bb global_colors_info=\u00bb{}\u00bb][et_pb_row column_structure=\u00bb2_5,3_5&#8243; make_equal=\u00bbon\u00bb _builder_version=\u00bb4.20.4&#8243; _module_preset=\u00bbdefault\u00bb global_colors_info=\u00bb{}\u00bb][et_pb_column type=\u00bb2_5&#8243; _builder_version=\u00bb4.20.4&#8243; _module_preset=\u00bbdefault\u00bb custom_css_main_element=\u00bbmargin: auto;\u00bb global_colors_info=\u00bb{}\u00bb][et_pb_text _builder_version=\u00bb4.20.4&#8243; _module_preset=\u00bbdefault\u00bb animation_style=\u00bbfade\u00bb global_colors_info=\u00bb{}\u00bb]<\/p>\n<h1>Cancel de ba\u00f1o<\/h1>\n<p style=\"text-align: justify;\">Un cancel de ba\u00f1o es una estructura que se coloca en la entrada de una ducha o ba\u00f1era para evitar que el agua salpique y moje el resto del ba\u00f1o. Normalmente consta de un panel de vidrio templado o acr\u00edlico que se fija en el suelo y en la pared con marcos de aluminio o acero inoxidable. Tambi\u00e9n puede tener una puerta corredera o abatible para facilitar el acceso a la ducha o ba\u00f1era. Los canceles de ba\u00f1o son muy populares en las casas modernas y ofrecen una soluci\u00f3n elegante y pr\u00e1ctica para mantener el ba\u00f1o limpio y seco.<\/p>\n<p>[\/et_pb_text][\/et_pb_column][et_pb_column type=\u00bb3_5&#8243; _builder_version=\u00bb4.20.4&#8243; _module_preset=\u00bbdefault\u00bb global_colors_info=\u00bb{}\u00bb][et_pb_image src=\u00bbhttp:\/\/designqualityglass.com\/wp-content\/uploads\/2023\/04\/Cancel-de-bano-13.webp\u00bb alt=\u00bbCancel de ba\u00f1o\u00bb title_text=\u00bbCancel-de-ba\u00f1o-13&#8243; _builder_version=\u00bb4.21.0&#8243; _module_preset=\u00bbdefault\u00bb animation_style=\u00bbfade\u00bb border_radii=\u00bboff|15px||15px|\u00bb box_shadow_style=\u00bbpreset2&#8243; global_colors_info=\u00bb{}\u00bb][\/et_pb_image][\/et_pb_column][\/et_pb_row][et_pb_row _builder_version=\u00bb4.20.4&#8243; _module_preset=\u00bbdefault\u00bb global_colors_info=\u00bb{}\u00bb][et_pb_column type=\u00bb4_4&#8243; _builder_version=\u00bb4.20.4&#8243; _module_preset=\u00bbdefault\u00bb global_colors_info=\u00bb{}\u00bb][et_pb_text _builder_version=\u00bb4.20.4&#8243; _module_preset=\u00bbdefault\u00bb animation_style=\u00bbslide\u00bb animation_direction=\u00bbright\u00bb global_colors_info=\u00bb{}\u00bb]<\/p>\n<h2 style=\"text-align: justify;\">Canceles para ba\u00f1o<\/h2>\n<p style=\"text-align: justify;\">\u00abMejora la apariencia y funcionalidad de tu ba\u00f1o con nuestros canceles personalizados. En nuestra empresa nos especializamos en la fabricaci\u00f3n y dise\u00f1o de canceles de ba\u00f1o de alta calidad y durabilidad. Ofrecemos una amplia variedad de materiales, acabados y estilos para que puedas crear el ba\u00f1o de tus sue\u00f1os.<\/p>\n<p style=\"text-align: justify;\">Nuestros canceles son resistentes a la humedad, f\u00e1ciles de limpiar y est\u00e1n hechos para adaptarse perfectamente a las medidas de tu ba\u00f1o. Adem\u00e1s, ofrecemos una garant\u00eda de satisfacci\u00f3n para que puedas estar seguro de que estar\u00e1s obteniendo un producto de calidad.<\/p>\n<p style=\"text-align: justify;\">Ya sea que necesites un cancel de ba\u00f1o para una remodelaci\u00f3n o construcci\u00f3n nueva, nuestro equipo de expertos est\u00e1 listo para ayudarte en cada paso del proceso. Nos comprometemos a ofrecer una experiencia de compra sin estr\u00e9s y un servicio excepcional a cada uno de nuestros clientes.<\/p>\n<p style=\"text-align: justify;\">Cont\u00e1ctanos hoy mismo para obtener m\u00e1s informaci\u00f3n sobre nuestros productos y servicios. \u00a1Haz de tu ba\u00f1o un oasis de confort y estilo con nuestros canceles de ba\u00f1o personalizados!\u00bb<\/p>\n<p>[\/et_pb_text][\/et_pb_column][\/et_pb_row][et_pb_row _builder_version=\u00bb4.20.4&#8243; _module_preset=\u00bbdefault\u00bb min_height=\u00bb116.8px\u00bb global_colors_info=\u00bb{}\u00bb][et_pb_column type=\u00bb4_4&#8243; _builder_version=\u00bb4.20.4&#8243; _module_preset=\u00bbdefault\u00bb global_colors_info=\u00bb{}\u00bb][et_pb_text _builder_version=\u00bb4.20.4&#8243; _module_preset=\u00bbdefault\u00bb global_colors_info=\u00bb{}\u00bb]<\/p>\n<p style=\"text-align: center;\">Galeria de canceles de ba\u00f1o<\/p>\n<p>[\/et_pb_text][et_pb_text _builder_version=\u00bb4.20.4&#8243; _module_preset=\u00bbdefault\u00bb animation_style=\u00bbslide\u00bb animation_direction=\u00bbleft\u00bb global_colors_info=\u00bb{}\u00bb]<\/p>\n<p>Cancel de Ba\u00f1o con vidrio templado de 10 mm de espesor,\u00a0 con herrajes en acero inoxidable.<\/p>\n<p>[\/et_pb_text][\/et_pb_column][\/et_pb_row][et_pb_row _builder_version=\u00bb4.20.4&#8243; _module_preset=\u00bbdefault\u00bb global_colors_info=\u00bb{}\u00bb][et_pb_column type=\u00bb4_4&#8243; _builder_version=\u00bb4.20.4&#8243; _module_preset=\u00bbdefault\u00bb global_colors_info=\u00bb{}\u00bb][dsm_card_carousel slider_effect=\u00bbcoverflow\u00bb slider_effect_coverflow_rotate=\u00bb35&#8243; slider_effect_coverflow_depth=\u00bb250&#8243; _builder_version=\u00bb4.21.0&#8243; _module_preset=\u00bbdefault\u00bb hover_enabled=\u00bb0&#8243; global_colors_info=\u00bb{}\u00bb sticky_enabled=\u00bb0&#8243;][dsm_card_carousel_child image=\u00bbhttp:\/\/designqualityglass.com\/wp-content\/uploads\/2023\/04\/Cancel-fijo-corredizo-sistema-oaxaca-1.webp\u00bb button_url_new_window=\u00bb1&#8243; _builder_version=\u00bb4.21.0&#8243; _module_preset=\u00bbdefault\u00bb global_colors_info=\u00bb{}\u00bb parent_button=\u00bboff\u00bb parent_header_level=\u00bbh4&#8243;][\/dsm_card_carousel_child][dsm_card_carousel_child image=\u00bbhttp:\/\/designqualityglass.com\/wp-content\/uploads\/2023\/04\/Cancel-de-bano-12.webp\u00bb button_url_new_window=\u00bb1&#8243; _builder_version=\u00bb4.21.0&#8243; _module_preset=\u00bbdefault\u00bb global_colors_info=\u00bb{}\u00bb parent_button=\u00bboff\u00bb parent_header_level=\u00bbh4&#8243;][\/dsm_card_carousel_child][dsm_card_carousel_child image=\u00bbhttp:\/\/designqualityglass.com\/wp-content\/uploads\/2023\/04\/Cancel_para_bano_3076.webp\u00bb button_url_new_window=\u00bb1&#8243; _builder_version=\u00bb4.21.0&#8243; _module_preset=\u00bbdefault\u00bb global_colors_info=\u00bb{}\u00bb parent_button=\u00bboff\u00bb parent_header_level=\u00bbh4&#8243;][\/dsm_card_carousel_child][dsm_card_carousel_child image=\u00bbhttp:\/\/designqualityglass.com\/wp-content\/uploads\/2023\/04\/Cancel_para_bano_3074.webp\u00bb button_url_new_window=\u00bb1&#8243; _builder_version=\u00bb4.21.0&#8243; _module_preset=\u00bbdefault\u00bb global_colors_info=\u00bb{}\u00bb parent_button=\u00bboff\u00bb parent_header_level=\u00bbh4&#8243;][\/dsm_card_carousel_child][dsm_card_carousel_child image=\u00bbhttp:\/\/designqualityglass.com\/wp-content\/uploads\/2023\/04\/Cancel-de-bano.webp\u00bb button_url_new_window=\u00bb1&#8243; _builder_version=\u00bb4.21.0&#8243; _module_preset=\u00bbdefault\u00bb global_colors_info=\u00bb{}\u00bb parent_button=\u00bboff\u00bb parent_header_level=\u00bbh4&#8243;][\/dsm_card_carousel_child][dsm_card_carousel_child image=\u00bbhttp:\/\/designqualityglass.com\/wp-content\/uploads\/2023\/04\/Cancel-de-bano-8-1.webp\u00bb button_url_new_window=\u00bb1&#8243; _builder_version=\u00bb4.21.0&#8243; _module_preset=\u00bbdefault\u00bb global_colors_info=\u00bb{}\u00bb parent_button=\u00bboff\u00bb parent_header_level=\u00bbh4&#8243;][\/dsm_card_carousel_child][dsm_card_carousel_child image=\u00bbhttp:\/\/designqualityglass.com\/wp-content\/uploads\/2023\/04\/Cancel-de-bano-6-1.webp\u00bb alt=\u00bbCancel de ba\u00f1o\u00bb button_url_new_window=\u00bb1&#8243; _builder_version=\u00bb4.21.0&#8243; _module_preset=\u00bbdefault\u00bb global_colors_info=\u00bb{}\u00bb parent_button=\u00bboff\u00bb parent_header_level=\u00bbh4&#8243;][\/dsm_card_carousel_child][dsm_card_carousel_child image=\u00bbhttp:\/\/designqualityglass.com\/wp-content\/uploads\/2023\/04\/Cancel-de-bano-4-1.webp\u00bb button_url_new_window=\u00bb1&#8243; _builder_version=\u00bb4.21.0&#8243; _module_preset=\u00bbdefault\u00bb global_colors_info=\u00bb{}\u00bb parent_button=\u00bboff\u00bb parent_header_level=\u00bbh4&#8243;][\/dsm_card_carousel_child][dsm_card_carousel_child image=\u00bbhttp:\/\/designqualityglass.com\/wp-content\/uploads\/2023\/04\/Cancel-fijo-corredizo-sistema-oaxaca.webp\u00bb button_url_new_window=\u00bb1&#8243; _builder_version=\u00bb4.21.0&#8243; _module_preset=\u00bbdefault\u00bb global_colors_info=\u00bb{}\u00bb parent_button=\u00bboff\u00bb parent_header_level=\u00bbh4&#8243;][\/dsm_card_carousel_child][dsm_card_carousel_child image=\u00bbhttp:\/\/designqualityglass.com\/wp-content\/uploads\/2023\/04\/Cancel-de-bano-3-2.webp\u00bb button_url_new_window=\u00bb1&#8243; _builder_version=\u00bb4.21.0&#8243; _module_preset=\u00bbdefault\u00bb global_colors_info=\u00bb{}\u00bb parent_button=\u00bboff\u00bb parent_header_level=\u00bbh4&#8243;][\/dsm_card_carousel_child][dsm_card_carousel_child image=\u00bbhttp:\/\/designqualityglass.com\/wp-content\/uploads\/2023\/04\/Cancel-de-bano-5-2.webp\u00bb button_url_new_window=\u00bb1&#8243; _builder_version=\u00bb4.21.0&#8243; _module_preset=\u00bbdefault\u00bb global_colors_info=\u00bb{}\u00bb parent_button=\u00bboff\u00bb parent_header_level=\u00bbh4&#8243;][\/dsm_card_carousel_child][dsm_card_carousel_child image=\u00bbhttp:\/\/designqualityglass.com\/wp-content\/uploads\/2023\/04\/IMG_3075.webp\u00bb alt=\u00bbCancel de ba\u00f1o en escuadra\u00bb button_url_new_window=\u00bb1&#8243; _builder_version=\u00bb4.21.0&#8243; _module_preset=\u00bbdefault\u00bb global_colors_info=\u00bb{}\u00bb parent_button=\u00bboff\u00bb parent_header_level=\u00bbh4&#8243;][\/dsm_card_carousel_child][dsm_card_carousel_child image=\u00bbhttp:\/\/designqualityglass.com\/wp-content\/uploads\/2023\/04\/Cancel-de-bano-9-2.webp\u00bb button_url_new_window=\u00bb1&#8243; _builder_version=\u00bb4.21.0&#8243; _module_preset=\u00bbdefault\u00bb global_colors_info=\u00bb{}\u00bb parent_button=\u00bboff\u00bb parent_header_level=\u00bbh4&#8243;][\/dsm_card_carousel_child][dsm_card_carousel_child image=\u00bbhttp:\/\/designqualityglass.com\/wp-content\/uploads\/2023\/04\/Cancel-de-bano-13.webp\u00bb button_url_new_window=\u00bb1&#8243; _builder_version=\u00bb4.21.0&#8243; _module_preset=\u00bbdefault\u00bb global_colors_info=\u00bb{}\u00bb parent_button=\u00bboff\u00bb parent_header_level=\u00bbh4&#8243;][\/dsm_card_carousel_child][\/dsm_card_carousel][\/et_pb_column][\/et_pb_row][\/et_pb_section]<\/p>\n","protected":false},"excerpt":{"rendered":"<p>Cancel de ba\u00f1o Un cancel de ba\u00f1o es una estructura que se coloca en la entrada de una ducha o ba\u00f1era para evitar que el agua salpique y moje el resto del ba\u00f1o. Normalmente consta de un panel de vidrio templado o acr\u00edlico que se fija en el suelo y en la pared con marcos [&hellip;]<\/p>\n","protected":false},"author":1,"featured_media":0,"parent":0,"menu_order":0,"comment_status":"closed","ping_status":"closed","template":"","meta":{"_et_pb_use_builder":"on","_et_pb_old_content":"","_et_gb_content_width":"","footnotes":""},"class_list":["post-252","page","type-page","status-publish","hentry"],"yoast_head":"<!-- This site is optimized with the Yoast SEO plugin v24.3 - https:\/\/yoast.com\/wordpress\/plugins\/seo\/ -->\n<title>Cancel de ba\u00f1o - Design Quality Glass<\/title>\n<meta name=\"description\" content=\"Cancel de ba\u00f1o\" \/>\n<meta name=\"robots\" content=\"index, follow, max-snippet:-1, max-image-preview:large, max-video-preview:-1\" \/>\n<link rel=\"canonical\" href=\"https:\/\/designqualityglass.com\/index.php\/cancel-de-bano\/\" \/>\n<meta property=\"og:locale\" content=\"es_ES\" \/>\n<meta property=\"og:type\" content=\"article\" \/>\n<meta property=\"og:title\" content=\"Cancel de ba\u00f1o - Design Quality Glass\" \/>\n<meta property=\"og:description\" content=\"Cancel de ba\u00f1o\" \/>\n<meta property=\"og:url\" content=\"https:\/\/designqualityglass.com\/index.php\/cancel-de-bano\/\" \/>\n<meta property=\"og:site_name\" content=\"Design Quality Glass\" \/>\n<meta property=\"article:modified_time\" content=\"2025-01-05T01:25:33+00:00\" \/>\n<meta name=\"twitter:card\" content=\"summary_large_image\" \/>\n<script type=\"application\/ld+json\" class=\"yoast-schema-graph\">{\"@context\":\"https:\/\/schema.org\",\"@graph\":[{\"@type\":\"WebPage\",\"@id\":\"https:\/\/designqualityglass.com\/index.php\/cancel-de-bano\/\",\"url\":\"https:\/\/designqualityglass.com\/index.php\/cancel-de-bano\/\",\"name\":\"Cancel de ba\u00f1o - Design Quality Glass\",\"isPartOf\":{\"@id\":\"https:\/\/designqualityglass.com\/#website\"},\"datePublished\":\"2023-04-07T01:39:29+00:00\",\"dateModified\":\"2025-01-05T01:25:33+00:00\",\"description\":\"Cancel de ba\u00f1o\",\"breadcrumb\":{\"@id\":\"https:\/\/designqualityglass.com\/index.php\/cancel-de-bano\/#breadcrumb\"},\"inLanguage\":\"es\",\"potentialAction\":[{\"@type\":\"ReadAction\",\"target\":[\"https:\/\/designqualityglass.com\/index.php\/cancel-de-bano\/\"]}]},{\"@type\":\"BreadcrumbList\",\"@id\":\"https:\/\/designqualityglass.com\/index.php\/cancel-de-bano\/#breadcrumb\",\"itemListElement\":[{\"@type\":\"ListItem\",\"position\":1,\"name\":\"Portada\",\"item\":\"https:\/\/designqualityglass.com\/\"},{\"@type\":\"ListItem\",\"position\":2,\"name\":\"Cancel de ba\u00f1o\"}]},{\"@type\":\"WebSite\",\"@id\":\"https:\/\/designqualityglass.com\/#website\",\"url\":\"https:\/\/designqualityglass.com\/\",\"name\":\"Design Quality Glass\",\"description\":\"P\u00e9rgolas\",\"publisher\":{\"@id\":\"https:\/\/designqualityglass.com\/#organization\"},\"potentialAction\":[{\"@type\":\"SearchAction\",\"target\":{\"@type\":\"EntryPoint\",\"urlTemplate\":\"https:\/\/designqualityglass.com\/?s={search_term_string}\"},\"query-input\":{\"@type\":\"PropertyValueSpecification\",\"valueRequired\":true,\"valueName\":\"search_term_string\"}}],\"inLanguage\":\"es\"},{\"@type\":\"Organization\",\"@id\":\"https:\/\/designqualityglass.com\/#organization\",\"name\":\"Design Quality Glass\",\"url\":\"https:\/\/designqualityglass.com\/\",\"logo\":{\"@type\":\"ImageObject\",\"inLanguage\":\"es\",\"@id\":\"https:\/\/designqualityglass.com\/#\/schema\/logo\/image\/\",\"url\":\"http:\/\/designqualityglass.com\/wp-content\/uploads\/2023\/03\/Logo.jpg\",\"contentUrl\":\"http:\/\/designqualityglass.com\/wp-content\/uploads\/2023\/03\/Logo.jpg\",\"width\":320,\"height\":320,\"caption\":\"Design Quality Glass\"},\"image\":{\"@id\":\"https:\/\/designqualityglass.com\/#\/schema\/logo\/image\/\"}}]}<\/script>\n<!-- \/ Yoast SEO plugin. -->","yoast_head_json":{"title":"Cancel de ba\u00f1o - Design Quality Glass","description":"Cancel de ba\u00f1o","robots":{"index":"index","follow":"follow","max-snippet":"max-snippet:-1","max-image-preview":"max-image-preview:large","max-video-preview":"max-video-preview:-1"},"canonical":"https:\/\/designqualityglass.com\/index.php\/cancel-de-bano\/","og_locale":"es_ES","og_type":"article","og_title":"Cancel de ba\u00f1o - Design Quality Glass","og_description":"Cancel de ba\u00f1o","og_url":"https:\/\/designqualityglass.com\/index.php\/cancel-de-bano\/","og_site_name":"Design Quality Glass","article_modified_time":"2025-01-05T01:25:33+00:00","twitter_card":"summary_large_image","schema":{"@context":"https:\/\/schema.org","@graph":[{"@type":"WebPage","@id":"https:\/\/designqualityglass.com\/index.php\/cancel-de-bano\/","url":"https:\/\/designqualityglass.com\/index.php\/cancel-de-bano\/","name":"Cancel de ba\u00f1o - Design Quality Glass","isPartOf":{"@id":"https:\/\/designqualityglass.com\/#website"},"datePublished":"2023-04-07T01:39:29+00:00","dateModified":"2025-01-05T01:25:33+00:00","description":"Cancel de ba\u00f1o","breadcrumb":{"@id":"https:\/\/designqualityglass.com\/index.php\/cancel-de-bano\/#breadcrumb"},"inLanguage":"es","potentialAction":[{"@type":"ReadAction","target":["https:\/\/designqualityglass.com\/index.php\/cancel-de-bano\/"]}]},{"@type":"BreadcrumbList","@id":"https:\/\/designqualityglass.com\/index.php\/cancel-de-bano\/#breadcrumb","itemListElement":[{"@type":"ListItem","position":1,"name":"Portada","item":"https:\/\/designqualityglass.com\/"},{"@type":"ListItem","position":2,"name":"Cancel de ba\u00f1o"}]},{"@type":"WebSite","@id":"https:\/\/designqualityglass.com\/#website","url":"https:\/\/designqualityglass.com\/","name":"Design Quality Glass","description":"P\u00e9rgolas","publisher":{"@id":"https:\/\/designqualityglass.com\/#organization"},"potentialAction":[{"@type":"SearchAction","target":{"@type":"EntryPoint","urlTemplate":"https:\/\/designqualityglass.com\/?s={search_term_string}"},"query-input":{"@type":"PropertyValueSpecification","valueRequired":true,"valueName":"search_term_string"}}],"inLanguage":"es"},{"@type":"Organization","@id":"https:\/\/designqualityglass.com\/#organization","name":"Design Quality Glass","url":"https:\/\/designqualityglass.com\/","logo":{"@type":"ImageObject","inLanguage":"es","@id":"https:\/\/designqualityglass.com\/#\/schema\/logo\/image\/","url":"http:\/\/designqualityglass.com\/wp-content\/uploads\/2023\/03\/Logo.jpg","contentUrl":"http:\/\/designqualityglass.com\/wp-content\/uploads\/2023\/03\/Logo.jpg","width":320,"height":320,"caption":"Design Quality Glass"},"image":{"@id":"https:\/\/designqualityglass.com\/#\/schema\/logo\/image\/"}}]}},"_links":{"self":[{"href":"https:\/\/designqualityglass.com\/index.php\/wp-json\/wp\/v2\/pages\/252","targetHints":{"allow":["GET"]}}],"collection":[{"href":"https:\/\/designqualityglass.com\/index.php\/wp-json\/wp\/v2\/pages"}],"about":[{"href":"https:\/\/designqualityglass.com\/index.php\/wp-json\/wp\/v2\/types\/page"}],"author":[{"embeddable":true,"href":"https:\/\/designqualityglass.com\/index.php\/wp-json\/wp\/v2\/users\/1"}],"replies":[{"embeddable":true,"href":"https:\/\/designqualityglass.com\/index.php\/wp-json\/wp\/v2\/comments?post=252"}],"version-history":[{"count":19,"href":"https:\/\/designqualityglass.com\/index.php\/wp-json\/wp\/v2\/pages\/252\/revisions"}],"predecessor-version":[{"id":904,"href":"https:\/\/designqualityglass.com\/index.php\/wp-json\/wp\/v2\/pages\/252\/revisions\/904"}],"wp:attachment":[{"href":"https:\/\/designqualityglass.com\/index.php\/wp-json\/wp\/v2\/media?parent=252"}],"curies":[{"name":"wp","href":"https:\/\/api.w.org\/{rel}","templated":true}]}}