{"id":524,"date":"2023-04-24T21:10:57","date_gmt":"2023-04-25T02:10:57","guid":{"rendered":"http:\/\/designqualityglass.com\/?page_id=524"},"modified":"2023-07-15T15:02:47","modified_gmt":"2023-07-15T20:02:47","slug":"barandales","status":"publish","type":"page","link":"https:\/\/designqualityglass.com\/index.php\/barandales\/","title":{"rendered":"Barandales"},"content":{"rendered":"<p>[et_pb_section fb_built=\u00bb1&#8243; _builder_version=\u00bb4.20.4&#8243; _module_preset=\u00bbdefault\u00bb global_colors_info=\u00bb{}\u00bb][et_pb_row _builder_version=\u00bb4.20.4&#8243; _module_preset=\u00bbdefault\u00bb global_colors_info=\u00bb{}\u00bb][et_pb_column type=\u00bb4_4&#8243; _builder_version=\u00bb4.20.4&#8243; _module_preset=\u00bbdefault\u00bb global_colors_info=\u00bb{}\u00bb][et_pb_text _builder_version=\u00bb4.21.0&#8243; _module_preset=\u00bbdefault\u00bb custom_margin=\u00bb||-2px|||\u00bb custom_padding=\u00bb||0px|||\u00bb animation_style=\u00bbfold\u00bb animation_direction=\u00bbbottom\u00bb hover_enabled=\u00bb0&#8243; global_colors_info=\u00bb{}\u00bb sticky_enabled=\u00bb0&#8243;]<\/p>\n<h1>Barandales<\/h1>\n<p style=\"text-align: justify;\">Los barandales para escaleras, balcones o terrazas con vidrio templado de 10 mm de espesor y herrajes en acero inoxidable son una excelente opci\u00f3n para aquellos que buscan una combinaci\u00f3n de seguridad, elegancia y durabilidad en su hogar o negocio.<\/p>\n<p style=\"text-align: justify;\">El vidrio templado es un material resistente y seguro que puede soportar una gran cantidad de peso y presi\u00f3n. Adem\u00e1s, en caso de romperse, se fragmenta en peque\u00f1os pedazos en lugar de hacerlo en grandes trozos afilados, lo que reduce significativamente el riesgo de lesiones.<\/p>\n<p>[\/et_pb_text][\/et_pb_column][\/et_pb_row][et_pb_row column_structure=\u00bb1_2,1_2&#8243; _builder_version=\u00bb4.20.4&#8243; _module_preset=\u00bbdefault\u00bb global_colors_info=\u00bb{}\u00bb][et_pb_column type=\u00bb1_2&#8243; _builder_version=\u00bb4.20.4&#8243; _module_preset=\u00bbdefault\u00bb global_colors_info=\u00bb{}\u00bb][et_pb_image src=\u00bbhttp:\/\/designqualityglass.com\/wp-content\/uploads\/2023\/04\/Barandal-27.webp\u00bb alt=\u00bbBarandal de escalera<br \/>\n\u00bb title_text=\u00bbBarandal-27&#8243; _builder_version=\u00bb4.20.4&#8243; _module_preset=\u00bbdefault\u00bb animation_style=\u00bbfold\u00bb border_radii=\u00bboff|15px||15px|\u00bb box_shadow_style=\u00bbpreset2&#8243; global_colors_info=\u00bb{}\u00bb][\/et_pb_image][\/et_pb_column][et_pb_column type=\u00bb1_2&#8243; _builder_version=\u00bb4.20.4&#8243; _module_preset=\u00bbdefault\u00bb global_colors_info=\u00bb{}\u00bb][et_pb_text _builder_version=\u00bb4.20.4&#8243; _module_preset=\u00bbdefault\u00bb animation_style=\u00bbfold\u00bb global_colors_info=\u00bb{}\u00bb]<\/p>\n<p style=\"text-align: justify;\">Por otro lado, los herrajes en acero inoxidable son altamente resistentes a la corrosi\u00f3n y el \u00f3xido, lo que garantiza una larga vida \u00fatil del barandal. Adem\u00e1s, su apariencia est\u00e9tica y moderna es perfecta para complementar cualquier estilo arquitect\u00f3nico.<\/p>\n<p style=\"text-align: justify;\">Los barandales de vidrio templado tambi\u00e9n ofrecen una excelente visibilidad y luminosidad, lo que hace que los espacios parezcan m\u00e1s grandes y brillantes. Adem\u00e1s, su dise\u00f1o minimalista permite una f\u00e1cil integraci\u00f3n en cualquier ambiente sin restar protagonismo a otros elementos decorativos.<\/p>\n<p>[\/et_pb_text][\/et_pb_column][\/et_pb_row][et_pb_row column_structure=\u00bb1_2,1_2&#8243; _builder_version=\u00bb4.20.4&#8243; _module_preset=\u00bbdefault\u00bb global_colors_info=\u00bb{}\u00bb][et_pb_column type=\u00bb1_2&#8243; _builder_version=\u00bb4.20.4&#8243; _module_preset=\u00bbdefault\u00bb global_colors_info=\u00bb{}\u00bb][et_pb_text _builder_version=\u00bb4.20.4&#8243; _module_preset=\u00bbdefault\u00bb animation_style=\u00bbfold\u00bb animation_direction=\u00bbleft\u00bb global_colors_info=\u00bb{}\u00bb]<\/p>\n<p style=\"text-align: justify;\">Es importante mencionar que la instalaci\u00f3n de los barandales de vidrio templado debe ser realizada por un profesional, ya que es un proceso que requiere de experiencia y conocimientos especializados. Adem\u00e1s, se debe tener en cuenta que la seguridad es una prioridad en todo momento, por lo que se deben seguir las normas y reglamentaciones establecidas.<\/p>\n<p style=\"text-align: justify;\">En resumen, los barandales para escaleras, balcones o terrazas con vidrio templado de 10 mm de espesor y herrajes en acero inoxidable son una opci\u00f3n elegante, duradera y segura que brinda una excelente visibilidad y luminosidad a los espacios. Si est\u00e1s pensando en renovar o construir tu hogar o negocio, considera la opci\u00f3n de los barandales de vidrio templado para darle un toque moderno y sofisticado.<\/p>\n<p>[\/et_pb_text][\/et_pb_column][et_pb_column type=\u00bb1_2&#8243; _builder_version=\u00bb4.20.4&#8243; _module_preset=\u00bbdefault\u00bb global_colors_info=\u00bb{}\u00bb][et_pb_image src=\u00bbhttp:\/\/designqualityglass.com\/wp-content\/uploads\/2023\/04\/Barandal-28.webp\u00bb title_text=\u00bbBarandal-28&#8243; _builder_version=\u00bb4.20.4&#8243; _module_preset=\u00bbdefault\u00bb animation_style=\u00bbfold\u00bb animation_direction=\u00bbleft\u00bb border_radii=\u00bboff||15px||15px\u00bb box_shadow_style=\u00bbpreset2&#8243; global_colors_info=\u00bb{}\u00bb][\/et_pb_image][\/et_pb_column][\/et_pb_row][et_pb_row _builder_version=\u00bb4.20.4&#8243; _module_preset=\u00bbdefault\u00bb global_colors_info=\u00bb{}\u00bb][et_pb_column type=\u00bb4_4&#8243; _builder_version=\u00bb4.20.4&#8243; _module_preset=\u00bbdefault\u00bb global_colors_info=\u00bb{}\u00bb][dsm_card_carousel slider_effect=\u00bbcoverflow\u00bb slider_effect_coverflow_rotate=\u00bb35&#8243; slider_effect_coverflow_depth=\u00bb247&#8243; _builder_version=\u00bb4.21.0&#8243; _module_preset=\u00bbdefault\u00bb global_colors_info=\u00bb{}\u00bb][dsm_card_carousel_child image=\u00bbhttp:\/\/designqualityglass.com\/wp-content\/uploads\/2023\/04\/Barandal-26.webp\u00bb button_url_new_window=\u00bb1&#8243; _builder_version=\u00bb4.21.0&#8243; _module_preset=\u00bbdefault\u00bb global_colors_info=\u00bb{}\u00bb parent_button=\u00bboff\u00bb parent_header_level=\u00bbh4&#8243;][\/dsm_card_carousel_child][dsm_card_carousel_child image=\u00bbhttp:\/\/designqualityglass.com\/wp-content\/uploads\/2023\/04\/Barandal-25.webp\u00bb button_url_new_window=\u00bb1&#8243; _builder_version=\u00bb4.21.0&#8243; _module_preset=\u00bbdefault\u00bb global_colors_info=\u00bb{}\u00bb parent_button=\u00bboff\u00bb parent_header_level=\u00bbh4&#8243;][\/dsm_card_carousel_child][dsm_card_carousel_child image=\u00bbhttp:\/\/designqualityglass.com\/wp-content\/uploads\/2023\/04\/Barandal-24.webp\u00bb button_url_new_window=\u00bb1&#8243; _builder_version=\u00bb4.21.0&#8243; _module_preset=\u00bbdefault\u00bb global_colors_info=\u00bb{}\u00bb parent_button=\u00bboff\u00bb parent_header_level=\u00bbh4&#8243;][\/dsm_card_carousel_child][dsm_card_carousel_child image=\u00bbhttp:\/\/designqualityglass.com\/wp-content\/uploads\/2023\/04\/Barandal-22.webp\u00bb button_url_new_window=\u00bb1&#8243; _builder_version=\u00bb4.21.0&#8243; _module_preset=\u00bbdefault\u00bb global_colors_info=\u00bb{}\u00bb parent_button=\u00bboff\u00bb parent_header_level=\u00bbh4&#8243;][\/dsm_card_carousel_child][dsm_card_carousel_child image=\u00bbhttp:\/\/designqualityglass.com\/wp-content\/uploads\/2023\/04\/Barandal-23.webp\u00bb button_url_new_window=\u00bb1&#8243; _builder_version=\u00bb4.21.0&#8243; _module_preset=\u00bbdefault\u00bb global_colors_info=\u00bb{}\u00bb parent_button=\u00bboff\u00bb parent_header_level=\u00bbh4&#8243;][\/dsm_card_carousel_child][dsm_card_carousel_child image=\u00bbhttp:\/\/designqualityglass.com\/wp-content\/uploads\/2023\/04\/Barandal-21.webp\u00bb button_url_new_window=\u00bb1&#8243; _builder_version=\u00bb4.21.0&#8243; _module_preset=\u00bbdefault\u00bb global_colors_info=\u00bb{}\u00bb parent_button=\u00bboff\u00bb parent_header_level=\u00bbh4&#8243;][\/dsm_card_carousel_child][dsm_card_carousel_child image=\u00bbhttp:\/\/designqualityglass.com\/wp-content\/uploads\/2023\/04\/Barandal-20.webp\u00bb button_url_new_window=\u00bb1&#8243; _builder_version=\u00bb4.21.0&#8243; _module_preset=\u00bbdefault\u00bb global_colors_info=\u00bb{}\u00bb parent_button=\u00bboff\u00bb parent_header_level=\u00bbh4&#8243;][\/dsm_card_carousel_child][dsm_card_carousel_child image=\u00bbhttp:\/\/designqualityglass.com\/wp-content\/uploads\/2023\/04\/Barandal-18.webp\u00bb button_url_new_window=\u00bb1&#8243; _builder_version=\u00bb4.21.0&#8243; _module_preset=\u00bbdefault\u00bb global_colors_info=\u00bb{}\u00bb parent_button=\u00bboff\u00bb parent_header_level=\u00bbh4&#8243;][\/dsm_card_carousel_child][dsm_card_carousel_child image=\u00bbhttp:\/\/designqualityglass.com\/wp-content\/uploads\/2023\/04\/Barandal-9.webp\u00bb button_url_new_window=\u00bb1&#8243; _builder_version=\u00bb4.21.0&#8243; _module_preset=\u00bbdefault\u00bb global_colors_info=\u00bb{}\u00bb parent_button=\u00bboff\u00bb parent_header_level=\u00bbh4&#8243;][\/dsm_card_carousel_child][dsm_card_carousel_child image=\u00bbhttp:\/\/designqualityglass.com\/wp-content\/uploads\/2023\/04\/Barandal-10.webp\u00bb alt=\u00bbBarandal de escalera\u00bb button_url_new_window=\u00bb1&#8243; _builder_version=\u00bb4.21.0&#8243; _module_preset=\u00bbdefault\u00bb global_colors_info=\u00bb{}\u00bb parent_button=\u00bboff\u00bb parent_header_level=\u00bbh4&#8243;][\/dsm_card_carousel_child][dsm_card_carousel_child image=\u00bbhttp:\/\/designqualityglass.com\/wp-content\/uploads\/2023\/04\/Barandal-11.webp\u00bb button_url_new_window=\u00bb1&#8243; _builder_version=\u00bb4.21.0&#8243; _module_preset=\u00bbdefault\u00bb global_colors_info=\u00bb{}\u00bb parent_button=\u00bboff\u00bb parent_header_level=\u00bbh4&#8243;][\/dsm_card_carousel_child][dsm_card_carousel_child image=\u00bbhttp:\/\/designqualityglass.com\/wp-content\/uploads\/2023\/04\/Barandal-13.webp\u00bb button_url_new_window=\u00bb1&#8243; _builder_version=\u00bb4.21.0&#8243; _module_preset=\u00bbdefault\u00bb global_colors_info=\u00bb{}\u00bb parent_button=\u00bboff\u00bb parent_header_level=\u00bbh4&#8243;][\/dsm_card_carousel_child][dsm_card_carousel_child image=\u00bbhttp:\/\/designqualityglass.com\/wp-content\/uploads\/2023\/04\/Barandal-12.webp\u00bb button_url_new_window=\u00bb1&#8243; _builder_version=\u00bb4.21.0&#8243; _module_preset=\u00bbdefault\u00bb global_colors_info=\u00bb{}\u00bb parent_button=\u00bboff\u00bb parent_header_level=\u00bbh4&#8243;][\/dsm_card_carousel_child][dsm_card_carousel_child image=\u00bbhttp:\/\/designqualityglass.com\/wp-content\/uploads\/2023\/04\/Barandal-14.webp\u00bb button_url_new_window=\u00bb1&#8243; _builder_version=\u00bb4.21.0&#8243; _module_preset=\u00bbdefault\u00bb global_colors_info=\u00bb{}\u00bb parent_button=\u00bboff\u00bb parent_header_level=\u00bbh4&#8243;][\/dsm_card_carousel_child][dsm_card_carousel_child image=\u00bbhttp:\/\/designqualityglass.com\/wp-content\/uploads\/2023\/04\/Barandal-16.webp\u00bb button_url_new_window=\u00bb1&#8243; _builder_version=\u00bb4.21.0&#8243; _module_preset=\u00bbdefault\u00bb global_colors_info=\u00bb{}\u00bb parent_button=\u00bboff\u00bb parent_header_level=\u00bbh4&#8243;][\/dsm_card_carousel_child][dsm_card_carousel_child image=\u00bbhttp:\/\/designqualityglass.com\/wp-content\/uploads\/2023\/04\/Barandal-15.webp\u00bb button_url_new_window=\u00bb1&#8243; _builder_version=\u00bb4.21.0&#8243; _module_preset=\u00bbdefault\u00bb global_colors_info=\u00bb{}\u00bb parent_button=\u00bboff\u00bb parent_header_level=\u00bbh4&#8243;][\/dsm_card_carousel_child][dsm_card_carousel_child image=\u00bbhttp:\/\/designqualityglass.com\/wp-content\/uploads\/2023\/04\/Barandal-17.webp\u00bb button_url_new_window=\u00bb1&#8243; _builder_version=\u00bb4.21.0&#8243; _module_preset=\u00bbdefault\u00bb global_colors_info=\u00bb{}\u00bb parent_button=\u00bboff\u00bb parent_header_level=\u00bbh4&#8243;][\/dsm_card_carousel_child][dsm_card_carousel_child image=\u00bbhttp:\/\/designqualityglass.com\/wp-content\/uploads\/2023\/04\/Barandal-19.webp\u00bb button_url_new_window=\u00bb1&#8243; _builder_version=\u00bb4.21.0&#8243; _module_preset=\u00bbdefault\u00bb global_colors_info=\u00bb{}\u00bb parent_button=\u00bboff\u00bb parent_header_level=\u00bbh4&#8243;][\/dsm_card_carousel_child][dsm_card_carousel_child image=\u00bbhttp:\/\/designqualityglass.com\/wp-content\/uploads\/2023\/04\/Barandal-7.webp\u00bb button_url_new_window=\u00bb1&#8243; _builder_version=\u00bb4.21.0&#8243; _module_preset=\u00bbdefault\u00bb global_colors_info=\u00bb{}\u00bb parent_button=\u00bboff\u00bb parent_header_level=\u00bbh4&#8243;][\/dsm_card_carousel_child][dsm_card_carousel_child image=\u00bbhttp:\/\/designqualityglass.com\/wp-content\/uploads\/2023\/04\/Barandal-6.webp\u00bb button_url_new_window=\u00bb1&#8243; _builder_version=\u00bb4.21.0&#8243; _module_preset=\u00bbdefault\u00bb global_colors_info=\u00bb{}\u00bb parent_button=\u00bboff\u00bb parent_header_level=\u00bbh4&#8243;][\/dsm_card_carousel_child][dsm_card_carousel_child image=\u00bbhttp:\/\/designqualityglass.com\/wp-content\/uploads\/2023\/04\/Barandal-5.webp\u00bb button_url_new_window=\u00bb1&#8243; _builder_version=\u00bb4.21.0&#8243; _module_preset=\u00bbdefault\u00bb global_colors_info=\u00bb{}\u00bb parent_button=\u00bboff\u00bb parent_header_level=\u00bbh4&#8243;][\/dsm_card_carousel_child][\/dsm_card_carousel][\/et_pb_column][\/et_pb_row][\/et_pb_section]<\/p>\n","protected":false},"excerpt":{"rendered":"<p>Barandales Los barandales para escaleras, balcones o terrazas con vidrio templado de 10 mm de espesor y herrajes en acero inoxidable son una excelente opci\u00f3n para aquellos que buscan una combinaci\u00f3n de seguridad, elegancia y durabilidad en su hogar o negocio. El vidrio templado es un material resistente y seguro que puede soportar una gran [&hellip;]<\/p>\n","protected":false},"author":1,"featured_media":0,"parent":0,"menu_order":0,"comment_status":"closed","ping_status":"closed","template":"","meta":{"_et_pb_use_builder":"on","_et_pb_old_content":"","_et_gb_content_width":"","footnotes":""},"class_list":["post-524","page","type-page","status-publish","hentry"],"yoast_head":"<!-- This site is optimized with the Yoast SEO plugin v24.3 - https:\/\/yoast.com\/wordpress\/plugins\/seo\/ -->\n<title>Barandales - Design Quality Glass<\/title>\n<meta name=\"description\" content=\"Si est\u00e1s buscando barandales para tu hogar o negocio, nuestra p\u00e1gina tiene una amplia variedad de opciones para que encuentres el estilo y dise\u00f1o que mejor se adapte a tus necesidades. Contamos con barandales de alta calidad y durabilidad, fabricados con los mejores materiales y dise\u00f1ados para ofrecer seguridad y elegancia a tus espacios. Explora nuestra selecci\u00f3n de barandales y encuentra el complemento perfecto para tus escaleras, balcones, terrazas y m\u00e1s.\" \/>\n<meta name=\"robots\" content=\"index, follow, max-snippet:-1, max-image-preview:large, max-video-preview:-1\" \/>\n<link rel=\"canonical\" href=\"https:\/\/designqualityglass.com\/index.php\/barandales\/\" \/>\n<meta property=\"og:locale\" content=\"es_ES\" \/>\n<meta property=\"og:type\" content=\"article\" \/>\n<meta property=\"og:title\" content=\"Barandales - Design Quality Glass\" \/>\n<meta property=\"og:description\" content=\"Si est\u00e1s buscando barandales para tu hogar o negocio, nuestra p\u00e1gina tiene una amplia variedad de opciones para que encuentres el estilo y dise\u00f1o que mejor se adapte a tus necesidades. Contamos con barandales de alta calidad y durabilidad, fabricados con los mejores materiales y dise\u00f1ados para ofrecer seguridad y elegancia a tus espacios. Explora nuestra selecci\u00f3n de barandales y encuentra el complemento perfecto para tus escaleras, balcones, terrazas y m\u00e1s.\" \/>\n<meta property=\"og:url\" content=\"https:\/\/designqualityglass.com\/index.php\/barandales\/\" \/>\n<meta property=\"og:site_name\" content=\"Design Quality Glass\" \/>\n<meta property=\"article:modified_time\" content=\"2023-07-15T20:02:47+00:00\" \/>\n<meta name=\"twitter:card\" content=\"summary_large_image\" \/>\n<meta name=\"twitter:label1\" content=\"Tiempo de lectura\" \/>\n\t<meta name=\"twitter:data1\" content=\"2 minutos\" \/>\n<script type=\"application\/ld+json\" class=\"yoast-schema-graph\">{\"@context\":\"https:\/\/schema.org\",\"@graph\":[{\"@type\":\"WebPage\",\"@id\":\"https:\/\/designqualityglass.com\/index.php\/barandales\/\",\"url\":\"https:\/\/designqualityglass.com\/index.php\/barandales\/\",\"name\":\"Barandales - Design Quality Glass\",\"isPartOf\":{\"@id\":\"https:\/\/designqualityglass.com\/#website\"},\"datePublished\":\"2023-04-25T02:10:57+00:00\",\"dateModified\":\"2023-07-15T20:02:47+00:00\",\"description\":\"Si est\u00e1s buscando barandales para tu hogar o negocio, nuestra p\u00e1gina tiene una amplia variedad de opciones para que encuentres el estilo y dise\u00f1o que mejor se adapte a tus necesidades. Contamos con barandales de alta calidad y durabilidad, fabricados con los mejores materiales y dise\u00f1ados para ofrecer seguridad y elegancia a tus espacios. Explora nuestra selecci\u00f3n de barandales y encuentra el complemento perfecto para tus escaleras, balcones, terrazas y m\u00e1s.\",\"breadcrumb\":{\"@id\":\"https:\/\/designqualityglass.com\/index.php\/barandales\/#breadcrumb\"},\"inLanguage\":\"es\",\"potentialAction\":[{\"@type\":\"ReadAction\",\"target\":[\"https:\/\/designqualityglass.com\/index.php\/barandales\/\"]}]},{\"@type\":\"BreadcrumbList\",\"@id\":\"https:\/\/designqualityglass.com\/index.php\/barandales\/#breadcrumb\",\"itemListElement\":[{\"@type\":\"ListItem\",\"position\":1,\"name\":\"Portada\",\"item\":\"https:\/\/designqualityglass.com\/\"},{\"@type\":\"ListItem\",\"position\":2,\"name\":\"Barandales\"}]},{\"@type\":\"WebSite\",\"@id\":\"https:\/\/designqualityglass.com\/#website\",\"url\":\"https:\/\/designqualityglass.com\/\",\"name\":\"Design Quality Glass\",\"description\":\"P\u00e9rgolas\",\"publisher\":{\"@id\":\"https:\/\/designqualityglass.com\/#organization\"},\"potentialAction\":[{\"@type\":\"SearchAction\",\"target\":{\"@type\":\"EntryPoint\",\"urlTemplate\":\"https:\/\/designqualityglass.com\/?s={search_term_string}\"},\"query-input\":{\"@type\":\"PropertyValueSpecification\",\"valueRequired\":true,\"valueName\":\"search_term_string\"}}],\"inLanguage\":\"es\"},{\"@type\":\"Organization\",\"@id\":\"https:\/\/designqualityglass.com\/#organization\",\"name\":\"Design Quality Glass\",\"url\":\"https:\/\/designqualityglass.com\/\",\"logo\":{\"@type\":\"ImageObject\",\"inLanguage\":\"es\",\"@id\":\"https:\/\/designqualityglass.com\/#\/schema\/logo\/image\/\",\"url\":\"http:\/\/designqualityglass.com\/wp-content\/uploads\/2023\/03\/Logo.jpg\",\"contentUrl\":\"http:\/\/designqualityglass.com\/wp-content\/uploads\/2023\/03\/Logo.jpg\",\"width\":320,\"height\":320,\"caption\":\"Design Quality Glass\"},\"image\":{\"@id\":\"https:\/\/designqualityglass.com\/#\/schema\/logo\/image\/\"}}]}<\/script>\n<!-- \/ Yoast SEO plugin. -->","yoast_head_json":{"title":"Barandales - Design Quality Glass","description":"Si est\u00e1s buscando barandales para tu hogar o negocio, nuestra p\u00e1gina tiene una amplia variedad de opciones para que encuentres el estilo y dise\u00f1o que mejor se adapte a tus necesidades. Contamos con barandales de alta calidad y durabilidad, fabricados con los mejores materiales y dise\u00f1ados para ofrecer seguridad y elegancia a tus espacios. Explora nuestra selecci\u00f3n de barandales y encuentra el complemento perfecto para tus escaleras, balcones, terrazas y m\u00e1s.","robots":{"index":"index","follow":"follow","max-snippet":"max-snippet:-1","max-image-preview":"max-image-preview:large","max-video-preview":"max-video-preview:-1"},"canonical":"https:\/\/designqualityglass.com\/index.php\/barandales\/","og_locale":"es_ES","og_type":"article","og_title":"Barandales - Design Quality Glass","og_description":"Si est\u00e1s buscando barandales para tu hogar o negocio, nuestra p\u00e1gina tiene una amplia variedad de opciones para que encuentres el estilo y dise\u00f1o que mejor se adapte a tus necesidades. Contamos con barandales de alta calidad y durabilidad, fabricados con los mejores materiales y dise\u00f1ados para ofrecer seguridad y elegancia a tus espacios. Explora nuestra selecci\u00f3n de barandales y encuentra el complemento perfecto para tus escaleras, balcones, terrazas y m\u00e1s.","og_url":"https:\/\/designqualityglass.com\/index.php\/barandales\/","og_site_name":"Design Quality Glass","article_modified_time":"2023-07-15T20:02:47+00:00","twitter_card":"summary_large_image","twitter_misc":{"Tiempo de lectura":"2 minutos"},"schema":{"@context":"https:\/\/schema.org","@graph":[{"@type":"WebPage","@id":"https:\/\/designqualityglass.com\/index.php\/barandales\/","url":"https:\/\/designqualityglass.com\/index.php\/barandales\/","name":"Barandales - Design Quality Glass","isPartOf":{"@id":"https:\/\/designqualityglass.com\/#website"},"datePublished":"2023-04-25T02:10:57+00:00","dateModified":"2023-07-15T20:02:47+00:00","description":"Si est\u00e1s buscando barandales para tu hogar o negocio, nuestra p\u00e1gina tiene una amplia variedad de opciones para que encuentres el estilo y dise\u00f1o que mejor se adapte a tus necesidades. Contamos con barandales de alta calidad y durabilidad, fabricados con los mejores materiales y dise\u00f1ados para ofrecer seguridad y elegancia a tus espacios. Explora nuestra selecci\u00f3n de barandales y encuentra el complemento perfecto para tus escaleras, balcones, terrazas y m\u00e1s.","breadcrumb":{"@id":"https:\/\/designqualityglass.com\/index.php\/barandales\/#breadcrumb"},"inLanguage":"es","potentialAction":[{"@type":"ReadAction","target":["https:\/\/designqualityglass.com\/index.php\/barandales\/"]}]},{"@type":"BreadcrumbList","@id":"https:\/\/designqualityglass.com\/index.php\/barandales\/#breadcrumb","itemListElement":[{"@type":"ListItem","position":1,"name":"Portada","item":"https:\/\/designqualityglass.com\/"},{"@type":"ListItem","position":2,"name":"Barandales"}]},{"@type":"WebSite","@id":"https:\/\/designqualityglass.com\/#website","url":"https:\/\/designqualityglass.com\/","name":"Design Quality Glass","description":"P\u00e9rgolas","publisher":{"@id":"https:\/\/designqualityglass.com\/#organization"},"potentialAction":[{"@type":"SearchAction","target":{"@type":"EntryPoint","urlTemplate":"https:\/\/designqualityglass.com\/?s={search_term_string}"},"query-input":{"@type":"PropertyValueSpecification","valueRequired":true,"valueName":"search_term_string"}}],"inLanguage":"es"},{"@type":"Organization","@id":"https:\/\/designqualityglass.com\/#organization","name":"Design Quality Glass","url":"https:\/\/designqualityglass.com\/","logo":{"@type":"ImageObject","inLanguage":"es","@id":"https:\/\/designqualityglass.com\/#\/schema\/logo\/image\/","url":"http:\/\/designqualityglass.com\/wp-content\/uploads\/2023\/03\/Logo.jpg","contentUrl":"http:\/\/designqualityglass.com\/wp-content\/uploads\/2023\/03\/Logo.jpg","width":320,"height":320,"caption":"Design Quality Glass"},"image":{"@id":"https:\/\/designqualityglass.com\/#\/schema\/logo\/image\/"}}]}},"_links":{"self":[{"href":"https:\/\/designqualityglass.com\/index.php\/wp-json\/wp\/v2\/pages\/524","targetHints":{"allow":["GET"]}}],"collection":[{"href":"https:\/\/designqualityglass.com\/index.php\/wp-json\/wp\/v2\/pages"}],"about":[{"href":"https:\/\/designqualityglass.com\/index.php\/wp-json\/wp\/v2\/types\/page"}],"author":[{"embeddable":true,"href":"https:\/\/designqualityglass.com\/index.php\/wp-json\/wp\/v2\/users\/1"}],"replies":[{"embeddable":true,"href":"https:\/\/designqualityglass.com\/index.php\/wp-json\/wp\/v2\/comments?post=524"}],"version-history":[{"count":13,"href":"https:\/\/designqualityglass.com\/index.php\/wp-json\/wp\/v2\/pages\/524\/revisions"}],"predecessor-version":[{"id":865,"href":"https:\/\/designqualityglass.com\/index.php\/wp-json\/wp\/v2\/pages\/524\/revisions\/865"}],"wp:attachment":[{"href":"https:\/\/designqualityglass.com\/index.php\/wp-json\/wp\/v2\/media?parent=524"}],"curies":[{"name":"wp","href":"https:\/\/api.w.org\/{rel}","templated":true}]}}