{"id":603,"date":"2023-04-24T22:08:36","date_gmt":"2023-04-25T03:08:36","guid":{"rendered":"http:\/\/designqualityglass.com\/?page_id=603"},"modified":"2025-01-04T19:53:15","modified_gmt":"2025-01-05T01:53:15","slug":"porton-corredizo","status":"publish","type":"page","link":"https:\/\/designqualityglass.com\/index.php\/porton-corredizo\/","title":{"rendered":"Port\u00f3n corredizo"},"content":{"rendered":"<p>[et_pb_section fb_built=\u00bb1&#8243; _builder_version=\u00bb4.20.4&#8243; _module_preset=\u00bbdefault\u00bb global_colors_info=\u00bb{}\u00bb][et_pb_row _builder_version=\u00bb4.20.4&#8243; _module_preset=\u00bbdefault\u00bb global_colors_info=\u00bb{}\u00bb][et_pb_column type=\u00bb4_4&#8243; _builder_version=\u00bb4.20.4&#8243; _module_preset=\u00bbdefault\u00bb global_colors_info=\u00bb{}\u00bb][et_pb_text _builder_version=\u00bb4.20.4&#8243; _module_preset=\u00bbdefault\u00bb animation_style=\u00bbfade\u00bb global_colors_info=\u00bb{}\u00bb]<\/p>\n<h1>Port\u00f3n corredizo<\/h1>\n<p style=\"text-align: justify;\">Un port\u00f3n corredizo es una opci\u00f3n popular para aquellos que buscan una entrada segura y f\u00e1cil de usar para sus hogares o negocios. Los portones corredizos son una excelente opci\u00f3n para aquellos que tienen espacio limitado en sus entradas, ya que se deslizan a lo largo de un riel en lugar de abrirse hacia afuera.<\/p>\n<p>[\/et_pb_text][\/et_pb_column][\/et_pb_row][et_pb_row column_structure=\u00bb1_2,1_2&#8243; make_equal=\u00bbon\u00bb _builder_version=\u00bb4.21.0&#8243; _module_preset=\u00bbdefault\u00bb global_colors_info=\u00bb{}\u00bb][et_pb_column type=\u00bb1_2&#8243; _builder_version=\u00bb4.21.0&#8243; _module_preset=\u00bbdefault\u00bb custom_css_main_element=\u00bbmargin: auto;\u00bb global_colors_info=\u00bb{}\u00bb][et_pb_image src=\u00bbhttp:\/\/designqualityglass.com\/wp-content\/uploads\/2023\/04\/Porton-corredizo-1.webp\u00bb title_text=\u00bbPorton-corredizo-1&#8243; align=\u00bbcenter\u00bb _builder_version=\u00bb4.21.0&#8243; _module_preset=\u00bbdefault\u00bb animation_style=\u00bbflip\u00bb animation_direction=\u00bbbottom\u00bb custom_css_main_element=\u00bbmargin: auto;\u00bb border_radii=\u00bbon|15px|15px|15px|15px\u00bb box_shadow_style=\u00bbpreset2&#8243; global_colors_info=\u00bb{}\u00bb][\/et_pb_image][\/et_pb_column][et_pb_column type=\u00bb1_2&#8243; _builder_version=\u00bb4.20.4&#8243; _module_preset=\u00bbdefault\u00bb global_colors_info=\u00bb{}\u00bb][et_pb_image src=\u00bbhttp:\/\/designqualityglass.com\/wp-content\/uploads\/2023\/04\/Porton-corredizo-4.webp\u00bb title_text=\u00bbPorton-corredizo-4&#8243; _builder_version=\u00bb4.21.0&#8243; _module_preset=\u00bbdefault\u00bb width=\u00bb94%\u00bb animation_style=\u00bbflip\u00bb animation_direction=\u00bbtop\u00bb border_radii=\u00bbon|15px|15px|15px|15px\u00bb box_shadow_style=\u00bbpreset2&#8243; global_colors_info=\u00bb{}\u00bb][\/et_pb_image][\/et_pb_column][\/et_pb_row][et_pb_row column_structure=\u00bb1_2,1_2&#8243; _builder_version=\u00bb4.20.4&#8243; _module_preset=\u00bbdefault\u00bb global_colors_info=\u00bb{}\u00bb][et_pb_column type=\u00bb1_2&#8243; _builder_version=\u00bb4.20.4&#8243; _module_preset=\u00bbdefault\u00bb global_colors_info=\u00bb{}\u00bb][et_pb_text _builder_version=\u00bb4.21.0&#8243; _module_preset=\u00bbdefault\u00bb animation_style=\u00bbflip\u00bb animation_direction=\u00bbright\u00bb global_colors_info=\u00bb{}\u00bb]<\/p>\n<p style=\"text-align: justify;\">Los portones corredizos pueden ser fabricados en una variedad de materiales, como acero, hierro forjado, aluminio y madera, y se pueden personalizar seg\u00fan las necesidades y preferencias del cliente. Adem\u00e1s, los portones corredizos pueden ser automatizados, lo que permite una apertura y cierre m\u00e1s r\u00e1pido y f\u00e1cil, sin la necesidad de salir del veh\u00edculo.<\/p>\n<p style=\"text-align: justify;\">Los portones corredizos son una excelente opci\u00f3n para aquellos que buscan una entrada segura y f\u00e1cil de usar. Los portones corredizos pueden ser fabricados en una variedad de materiales, como acero, hierro forjado, aluminio y madera, y se pueden personalizar seg\u00fan las necesidades y preferencias del cliente.<\/p>\n<p>[\/et_pb_text][\/et_pb_column][et_pb_column type=\u00bb1_2&#8243; _builder_version=\u00bb4.20.4&#8243; _module_preset=\u00bbdefault\u00bb global_colors_info=\u00bb{}\u00bb][et_pb_text _builder_version=\u00bb4.21.0&#8243; _module_preset=\u00bbdefault\u00bb animation_style=\u00bbfold\u00bb animation_direction=\u00bbleft\u00bb global_colors_info=\u00bb{}\u00bb]<\/p>\n<p style=\"text-align: justify;\">Adem\u00e1s, los portones corredizos pueden ser automatizados, lo que permite una apertura y cierre m\u00e1s r\u00e1pido y f\u00e1cil, sin la necesidad de salir del veh\u00edculo. Esto tambi\u00e9n aumenta la seguridad del hogar o negocio, ya que permite un acceso controlado y limitado a la propiedad.<\/p>\n<p style=\"text-align: justify;\">Los portones corredizos tambi\u00e9n ofrecen una excelente est\u00e9tica, ya que se pueden personalizar con diferentes dise\u00f1os, acabados y colores para complementar cualquier estilo arquitect\u00f3nico. Adem\u00e1s, su dise\u00f1o minimalista permite una f\u00e1cil integraci\u00f3n en cualquier ambiente sin restar protagonismo a otros elementos decorativos.<\/p>\n<p>[\/et_pb_text][\/et_pb_column][\/et_pb_row][et_pb_row column_structure=\u00bb1_2,1_2&#8243; make_equal=\u00bbon\u00bb _builder_version=\u00bb4.21.0&#8243; _module_preset=\u00bbdefault\u00bb global_colors_info=\u00bb{}\u00bb][et_pb_column type=\u00bb1_2&#8243; _builder_version=\u00bb4.21.0&#8243; _module_preset=\u00bbdefault\u00bb custom_css_main_element=\u00bbmargin: auto;\u00bb global_colors_info=\u00bb{}\u00bb][et_pb_image src=\u00bbhttp:\/\/designqualityglass.com\/wp-content\/uploads\/2023\/04\/Porton-corredizo-3.webp\u00bb title_text=\u00bbPorton-corredizo-3&#8243; _builder_version=\u00bb4.20.4&#8243; _module_preset=\u00bbdefault\u00bb animation_style=\u00bbslide\u00bb animation_direction=\u00bbbottom\u00bb global_colors_info=\u00bb{}\u00bb][\/et_pb_image][\/et_pb_column][et_pb_column type=\u00bb1_2&#8243; _builder_version=\u00bb4.20.4&#8243; _module_preset=\u00bbdefault\u00bb global_colors_info=\u00bb{}\u00bb][et_pb_text _builder_version=\u00bb4.21.0&#8243; _module_preset=\u00bbdefault\u00bb animation_style=\u00bbslide\u00bb animation_direction=\u00bbbottom\u00bb global_colors_info=\u00bb{}\u00bb]<\/p>\n<p style=\"text-align: justify;\">Es importante mencionar que la instalaci\u00f3n de un port\u00f3n corredizo debe ser realizada por un profesional, ya que es un proceso que requiere de experiencia y conocimientos especializados. Adem\u00e1s, se debe tener en cuenta que la seguridad es una prioridad en todo momento, por lo que se deben seguir las normas y reglamentaciones establecidas.<\/p>\n<p style=\"text-align: justify;\">En resumen, un port\u00f3n corredizo es una opci\u00f3n popular para aquellos que buscan una entrada segura y f\u00e1cil de usar para sus hogares o negocios. Los portones corredizos pueden ser fabricados en una variedad de materiales y se pueden personalizar seg\u00fan las necesidades y preferencias del cliente. Adem\u00e1s, su est\u00e9tica elegante y minimalista los convierte en una excelente opci\u00f3n para complementar cualquier estilo arquitect\u00f3nico. Si est\u00e1s pensando en renovar o construir tu hogar o negocio, considera la opci\u00f3n de un port\u00f3n corredizo para aumentar la seguridad y el valor est\u00e9tico de tu propiedad.<\/p>\n<p>[\/et_pb_text][\/et_pb_column][\/et_pb_row][et_pb_row _builder_version=\u00bb4.20.4&#8243; _module_preset=\u00bbdefault\u00bb global_colors_info=\u00bb{}\u00bb][et_pb_column type=\u00bb4_4&#8243; _builder_version=\u00bb4.20.4&#8243; _module_preset=\u00bbdefault\u00bb global_colors_info=\u00bb{}\u00bb][dsm_card_carousel slider_effect=\u00bbcoverflow\u00bb slider_effect_coverflow_rotate=\u00bb35&#8243; slider_effect_coverflow_depth=\u00bb250&#8243; _builder_version=\u00bb4.21.0&#8243; _module_preset=\u00bbdefault\u00bb custom_margin=\u00bb60px||60px||true|false\u00bb global_colors_info=\u00bb{}\u00bb][dsm_card_carousel_child image=\u00bbhttp:\/\/designqualityglass.com\/wp-content\/uploads\/2023\/04\/Porton-corredizo-15.webp\u00bb button_url_new_window=\u00bb1&#8243; _builder_version=\u00bb4.21.0&#8243; _module_preset=\u00bbdefault\u00bb global_colors_info=\u00bb{}\u00bb parent_button=\u00bboff\u00bb parent_header_level=\u00bbh4&#8243;][\/dsm_card_carousel_child][dsm_card_carousel_child image=\u00bbhttp:\/\/designqualityglass.com\/wp-content\/uploads\/2023\/04\/Porton-corredizo-14.webp\u00bb button_url_new_window=\u00bb1&#8243; _builder_version=\u00bb4.21.0&#8243; _module_preset=\u00bbdefault\u00bb global_colors_info=\u00bb{}\u00bb parent_button=\u00bboff\u00bb parent_header_level=\u00bbh4&#8243;][\/dsm_card_carousel_child][dsm_card_carousel_child image=\u00bbhttp:\/\/designqualityglass.com\/wp-content\/uploads\/2023\/04\/Porton-corredizo-13.webp\u00bb button_url_new_window=\u00bb1&#8243; _builder_version=\u00bb4.21.0&#8243; _module_preset=\u00bbdefault\u00bb global_colors_info=\u00bb{}\u00bb parent_button=\u00bboff\u00bb parent_header_level=\u00bbh4&#8243;][\/dsm_card_carousel_child][dsm_card_carousel_child image=\u00bbhttp:\/\/designqualityglass.com\/wp-content\/uploads\/2023\/04\/Porton-corredizo-12.webp\u00bb button_url_new_window=\u00bb1&#8243; _builder_version=\u00bb4.21.0&#8243; _module_preset=\u00bbdefault\u00bb global_colors_info=\u00bb{}\u00bb parent_button=\u00bboff\u00bb parent_header_level=\u00bbh4&#8243;][\/dsm_card_carousel_child][dsm_card_carousel_child image=\u00bbhttp:\/\/designqualityglass.com\/wp-content\/uploads\/2023\/04\/Porton-corredizo-11.webp\u00bb button_url_new_window=\u00bb1&#8243; _builder_version=\u00bb4.21.0&#8243; _module_preset=\u00bbdefault\u00bb global_colors_info=\u00bb{}\u00bb parent_button=\u00bboff\u00bb parent_header_level=\u00bbh4&#8243;][\/dsm_card_carousel_child][dsm_card_carousel_child image=\u00bbhttp:\/\/designqualityglass.com\/wp-content\/uploads\/2023\/04\/Porton-corredizo-10.webp\u00bb button_url_new_window=\u00bb1&#8243; _builder_version=\u00bb4.21.0&#8243; _module_preset=\u00bbdefault\u00bb global_colors_info=\u00bb{}\u00bb parent_button=\u00bboff\u00bb parent_header_level=\u00bbh4&#8243;][\/dsm_card_carousel_child][dsm_card_carousel_child image=\u00bbhttp:\/\/designqualityglass.com\/wp-content\/uploads\/2023\/04\/Porton-corredizo-9.webp\u00bb button_url_new_window=\u00bb1&#8243; _builder_version=\u00bb4.21.0&#8243; _module_preset=\u00bbdefault\u00bb global_colors_info=\u00bb{}\u00bb parent_button=\u00bboff\u00bb parent_header_level=\u00bbh4&#8243;][\/dsm_card_carousel_child][dsm_card_carousel_child image=\u00bbhttp:\/\/designqualityglass.com\/wp-content\/uploads\/2023\/04\/Porton-corredizo-8.webp\u00bb button_url_new_window=\u00bb1&#8243; _builder_version=\u00bb4.21.0&#8243; _module_preset=\u00bbdefault\u00bb global_colors_info=\u00bb{}\u00bb parent_button=\u00bboff\u00bb parent_header_level=\u00bbh4&#8243;][\/dsm_card_carousel_child][dsm_card_carousel_child image=\u00bbhttp:\/\/designqualityglass.com\/wp-content\/uploads\/2023\/04\/Porton-corredizo-7.webp\u00bb button_url_new_window=\u00bb1&#8243; _builder_version=\u00bb4.21.0&#8243; _module_preset=\u00bbdefault\u00bb global_colors_info=\u00bb{}\u00bb parent_button=\u00bboff\u00bb parent_header_level=\u00bbh4&#8243;][\/dsm_card_carousel_child][dsm_card_carousel_child image=\u00bbhttp:\/\/designqualityglass.com\/wp-content\/uploads\/2023\/04\/Porton-corredizo-6.webp\u00bb button_url_new_window=\u00bb1&#8243; _builder_version=\u00bb4.21.0&#8243; _module_preset=\u00bbdefault\u00bb global_colors_info=\u00bb{}\u00bb parent_button=\u00bboff\u00bb parent_header_level=\u00bbh4&#8243;][\/dsm_card_carousel_child][dsm_card_carousel_child image=\u00bbhttp:\/\/designqualityglass.com\/wp-content\/uploads\/2023\/04\/Porton-corredizo-5.webp\u00bb button_url_new_window=\u00bb1&#8243; _builder_version=\u00bb4.21.0&#8243; _module_preset=\u00bbdefault\u00bb global_colors_info=\u00bb{}\u00bb parent_button=\u00bboff\u00bb parent_header_level=\u00bbh4&#8243;][\/dsm_card_carousel_child][dsm_card_carousel_child image=\u00bbhttp:\/\/designqualityglass.com\/wp-content\/uploads\/2023\/04\/Porton-corredizo-4.webp\u00bb button_url_new_window=\u00bb1&#8243; _builder_version=\u00bb4.21.0&#8243; _module_preset=\u00bbdefault\u00bb global_colors_info=\u00bb{}\u00bb parent_button=\u00bboff\u00bb parent_header_level=\u00bbh4&#8243;][\/dsm_card_carousel_child][dsm_card_carousel_child image=\u00bbhttp:\/\/designqualityglass.com\/wp-content\/uploads\/2023\/04\/Porton-corredizo-3.webp\u00bb button_url_new_window=\u00bb1&#8243; _builder_version=\u00bb4.21.0&#8243; _module_preset=\u00bbdefault\u00bb global_colors_info=\u00bb{}\u00bb parent_button=\u00bboff\u00bb parent_header_level=\u00bbh4&#8243;][\/dsm_card_carousel_child][dsm_card_carousel_child image=\u00bbhttp:\/\/designqualityglass.com\/wp-content\/uploads\/2023\/04\/Porton-corredizo-2.webp\u00bb button_url_new_window=\u00bb1&#8243; _builder_version=\u00bb4.21.0&#8243; _module_preset=\u00bbdefault\u00bb global_colors_info=\u00bb{}\u00bb parent_button=\u00bboff\u00bb parent_header_level=\u00bbh4&#8243;][\/dsm_card_carousel_child][dsm_card_carousel_child image=\u00bbhttp:\/\/designqualityglass.com\/wp-content\/uploads\/2023\/04\/Porton-corredizo-1.webp\u00bb button_url_new_window=\u00bb1&#8243; _builder_version=\u00bb4.21.0&#8243; _module_preset=\u00bbdefault\u00bb global_colors_info=\u00bb{}\u00bb parent_button=\u00bboff\u00bb parent_header_level=\u00bbh4&#8243;][\/dsm_card_carousel_child][\/dsm_card_carousel][\/et_pb_column][\/et_pb_row][\/et_pb_section]<\/p>\n","protected":false},"excerpt":{"rendered":"<p>Port\u00f3n corredizo Un port\u00f3n corredizo es una opci\u00f3n popular para aquellos que buscan una entrada segura y f\u00e1cil de usar para sus hogares o negocios. Los portones corredizos son una excelente opci\u00f3n para aquellos que tienen espacio limitado en sus entradas, ya que se deslizan a lo largo de un riel en lugar de abrirse [&hellip;]<\/p>\n","protected":false},"author":1,"featured_media":0,"parent":0,"menu_order":0,"comment_status":"closed","ping_status":"closed","template":"","meta":{"_et_pb_use_builder":"on","_et_pb_old_content":"","_et_gb_content_width":"","footnotes":""},"class_list":["post-603","page","type-page","status-publish","hentry"],"yoast_head":"<!-- This site is optimized with the Yoast SEO plugin v24.3 - https:\/\/yoast.com\/wordpress\/plugins\/seo\/ -->\n<title>Port\u00f3n corredizo - Design Quality Glass<\/title>\n<meta name=\"description\" content=\"\u00bfNecesitas un port\u00f3n corredizo para tu hogar o negocio? En nuestra p\u00e1gina encontrar\u00e1s una amplia variedad de opciones de alta calidad y durabilidad. Desde dise\u00f1os cl\u00e1sicos hasta modernos, nuestros portones corredizos est\u00e1n fabricados con los mejores materiales y tecnolog\u00edas para ofrecerte la m\u00e1xima seguridad y comodidad en el acceso a tus espacios. Explora nuestra selecci\u00f3n y encuentra el port\u00f3n corredizo perfecto para tu propiedad.\" \/>\n<meta name=\"robots\" content=\"index, follow, max-snippet:-1, max-image-preview:large, max-video-preview:-1\" \/>\n<link rel=\"canonical\" href=\"https:\/\/designqualityglass.com\/index.php\/porton-corredizo\/\" \/>\n<meta property=\"og:locale\" content=\"es_ES\" \/>\n<meta property=\"og:type\" content=\"article\" \/>\n<meta property=\"og:title\" content=\"Port\u00f3n corredizo - Design Quality Glass\" \/>\n<meta property=\"og:description\" content=\"\u00bfNecesitas un port\u00f3n corredizo para tu hogar o negocio? En nuestra p\u00e1gina encontrar\u00e1s una amplia variedad de opciones de alta calidad y durabilidad. Desde dise\u00f1os cl\u00e1sicos hasta modernos, nuestros portones corredizos est\u00e1n fabricados con los mejores materiales y tecnolog\u00edas para ofrecerte la m\u00e1xima seguridad y comodidad en el acceso a tus espacios. Explora nuestra selecci\u00f3n y encuentra el port\u00f3n corredizo perfecto para tu propiedad.\" \/>\n<meta property=\"og:url\" content=\"https:\/\/designqualityglass.com\/index.php\/porton-corredizo\/\" \/>\n<meta property=\"og:site_name\" content=\"Design Quality Glass\" \/>\n<meta property=\"article:modified_time\" content=\"2025-01-05T01:53:15+00:00\" \/>\n<meta name=\"twitter:card\" content=\"summary_large_image\" \/>\n<meta name=\"twitter:label1\" content=\"Tiempo de lectura\" \/>\n\t<meta name=\"twitter:data1\" content=\"3 minutos\" \/>\n<script type=\"application\/ld+json\" class=\"yoast-schema-graph\">{\"@context\":\"https:\/\/schema.org\",\"@graph\":[{\"@type\":\"WebPage\",\"@id\":\"https:\/\/designqualityglass.com\/index.php\/porton-corredizo\/\",\"url\":\"https:\/\/designqualityglass.com\/index.php\/porton-corredizo\/\",\"name\":\"Port\u00f3n corredizo - Design Quality Glass\",\"isPartOf\":{\"@id\":\"https:\/\/designqualityglass.com\/#website\"},\"datePublished\":\"2023-04-25T03:08:36+00:00\",\"dateModified\":\"2025-01-05T01:53:15+00:00\",\"description\":\"\u00bfNecesitas un port\u00f3n corredizo para tu hogar o negocio? En nuestra p\u00e1gina encontrar\u00e1s una amplia variedad de opciones de alta calidad y durabilidad. Desde dise\u00f1os cl\u00e1sicos hasta modernos, nuestros portones corredizos est\u00e1n fabricados con los mejores materiales y tecnolog\u00edas para ofrecerte la m\u00e1xima seguridad y comodidad en el acceso a tus espacios. Explora nuestra selecci\u00f3n y encuentra el port\u00f3n corredizo perfecto para tu propiedad.\",\"breadcrumb\":{\"@id\":\"https:\/\/designqualityglass.com\/index.php\/porton-corredizo\/#breadcrumb\"},\"inLanguage\":\"es\",\"potentialAction\":[{\"@type\":\"ReadAction\",\"target\":[\"https:\/\/designqualityglass.com\/index.php\/porton-corredizo\/\"]}]},{\"@type\":\"BreadcrumbList\",\"@id\":\"https:\/\/designqualityglass.com\/index.php\/porton-corredizo\/#breadcrumb\",\"itemListElement\":[{\"@type\":\"ListItem\",\"position\":1,\"name\":\"Portada\",\"item\":\"https:\/\/designqualityglass.com\/\"},{\"@type\":\"ListItem\",\"position\":2,\"name\":\"Port\u00f3n corredizo\"}]},{\"@type\":\"WebSite\",\"@id\":\"https:\/\/designqualityglass.com\/#website\",\"url\":\"https:\/\/designqualityglass.com\/\",\"name\":\"Design Quality Glass\",\"description\":\"P\u00e9rgolas\",\"publisher\":{\"@id\":\"https:\/\/designqualityglass.com\/#organization\"},\"potentialAction\":[{\"@type\":\"SearchAction\",\"target\":{\"@type\":\"EntryPoint\",\"urlTemplate\":\"https:\/\/designqualityglass.com\/?s={search_term_string}\"},\"query-input\":{\"@type\":\"PropertyValueSpecification\",\"valueRequired\":true,\"valueName\":\"search_term_string\"}}],\"inLanguage\":\"es\"},{\"@type\":\"Organization\",\"@id\":\"https:\/\/designqualityglass.com\/#organization\",\"name\":\"Design Quality Glass\",\"url\":\"https:\/\/designqualityglass.com\/\",\"logo\":{\"@type\":\"ImageObject\",\"inLanguage\":\"es\",\"@id\":\"https:\/\/designqualityglass.com\/#\/schema\/logo\/image\/\",\"url\":\"http:\/\/designqualityglass.com\/wp-content\/uploads\/2023\/03\/Logo.jpg\",\"contentUrl\":\"http:\/\/designqualityglass.com\/wp-content\/uploads\/2023\/03\/Logo.jpg\",\"width\":320,\"height\":320,\"caption\":\"Design Quality Glass\"},\"image\":{\"@id\":\"https:\/\/designqualityglass.com\/#\/schema\/logo\/image\/\"}}]}<\/script>\n<!-- \/ Yoast SEO plugin. -->","yoast_head_json":{"title":"Port\u00f3n corredizo - Design Quality Glass","description":"\u00bfNecesitas un port\u00f3n corredizo para tu hogar o negocio? En nuestra p\u00e1gina encontrar\u00e1s una amplia variedad de opciones de alta calidad y durabilidad. Desde dise\u00f1os cl\u00e1sicos hasta modernos, nuestros portones corredizos est\u00e1n fabricados con los mejores materiales y tecnolog\u00edas para ofrecerte la m\u00e1xima seguridad y comodidad en el acceso a tus espacios. Explora nuestra selecci\u00f3n y encuentra el port\u00f3n corredizo perfecto para tu propiedad.","robots":{"index":"index","follow":"follow","max-snippet":"max-snippet:-1","max-image-preview":"max-image-preview:large","max-video-preview":"max-video-preview:-1"},"canonical":"https:\/\/designqualityglass.com\/index.php\/porton-corredizo\/","og_locale":"es_ES","og_type":"article","og_title":"Port\u00f3n corredizo - Design Quality Glass","og_description":"\u00bfNecesitas un port\u00f3n corredizo para tu hogar o negocio? En nuestra p\u00e1gina encontrar\u00e1s una amplia variedad de opciones de alta calidad y durabilidad. Desde dise\u00f1os cl\u00e1sicos hasta modernos, nuestros portones corredizos est\u00e1n fabricados con los mejores materiales y tecnolog\u00edas para ofrecerte la m\u00e1xima seguridad y comodidad en el acceso a tus espacios. Explora nuestra selecci\u00f3n y encuentra el port\u00f3n corredizo perfecto para tu propiedad.","og_url":"https:\/\/designqualityglass.com\/index.php\/porton-corredizo\/","og_site_name":"Design Quality Glass","article_modified_time":"2025-01-05T01:53:15+00:00","twitter_card":"summary_large_image","twitter_misc":{"Tiempo de lectura":"3 minutos"},"schema":{"@context":"https:\/\/schema.org","@graph":[{"@type":"WebPage","@id":"https:\/\/designqualityglass.com\/index.php\/porton-corredizo\/","url":"https:\/\/designqualityglass.com\/index.php\/porton-corredizo\/","name":"Port\u00f3n corredizo - Design Quality Glass","isPartOf":{"@id":"https:\/\/designqualityglass.com\/#website"},"datePublished":"2023-04-25T03:08:36+00:00","dateModified":"2025-01-05T01:53:15+00:00","description":"\u00bfNecesitas un port\u00f3n corredizo para tu hogar o negocio? En nuestra p\u00e1gina encontrar\u00e1s una amplia variedad de opciones de alta calidad y durabilidad. Desde dise\u00f1os cl\u00e1sicos hasta modernos, nuestros portones corredizos est\u00e1n fabricados con los mejores materiales y tecnolog\u00edas para ofrecerte la m\u00e1xima seguridad y comodidad en el acceso a tus espacios. Explora nuestra selecci\u00f3n y encuentra el port\u00f3n corredizo perfecto para tu propiedad.","breadcrumb":{"@id":"https:\/\/designqualityglass.com\/index.php\/porton-corredizo\/#breadcrumb"},"inLanguage":"es","potentialAction":[{"@type":"ReadAction","target":["https:\/\/designqualityglass.com\/index.php\/porton-corredizo\/"]}]},{"@type":"BreadcrumbList","@id":"https:\/\/designqualityglass.com\/index.php\/porton-corredizo\/#breadcrumb","itemListElement":[{"@type":"ListItem","position":1,"name":"Portada","item":"https:\/\/designqualityglass.com\/"},{"@type":"ListItem","position":2,"name":"Port\u00f3n corredizo"}]},{"@type":"WebSite","@id":"https:\/\/designqualityglass.com\/#website","url":"https:\/\/designqualityglass.com\/","name":"Design Quality Glass","description":"P\u00e9rgolas","publisher":{"@id":"https:\/\/designqualityglass.com\/#organization"},"potentialAction":[{"@type":"SearchAction","target":{"@type":"EntryPoint","urlTemplate":"https:\/\/designqualityglass.com\/?s={search_term_string}"},"query-input":{"@type":"PropertyValueSpecification","valueRequired":true,"valueName":"search_term_string"}}],"inLanguage":"es"},{"@type":"Organization","@id":"https:\/\/designqualityglass.com\/#organization","name":"Design Quality Glass","url":"https:\/\/designqualityglass.com\/","logo":{"@type":"ImageObject","inLanguage":"es","@id":"https:\/\/designqualityglass.com\/#\/schema\/logo\/image\/","url":"http:\/\/designqualityglass.com\/wp-content\/uploads\/2023\/03\/Logo.jpg","contentUrl":"http:\/\/designqualityglass.com\/wp-content\/uploads\/2023\/03\/Logo.jpg","width":320,"height":320,"caption":"Design Quality Glass"},"image":{"@id":"https:\/\/designqualityglass.com\/#\/schema\/logo\/image\/"}}]}},"_links":{"self":[{"href":"https:\/\/designqualityglass.com\/index.php\/wp-json\/wp\/v2\/pages\/603","targetHints":{"allow":["GET"]}}],"collection":[{"href":"https:\/\/designqualityglass.com\/index.php\/wp-json\/wp\/v2\/pages"}],"about":[{"href":"https:\/\/designqualityglass.com\/index.php\/wp-json\/wp\/v2\/types\/page"}],"author":[{"embeddable":true,"href":"https:\/\/designqualityglass.com\/index.php\/wp-json\/wp\/v2\/users\/1"}],"replies":[{"embeddable":true,"href":"https:\/\/designqualityglass.com\/index.php\/wp-json\/wp\/v2\/comments?post=603"}],"version-history":[{"count":11,"href":"https:\/\/designqualityglass.com\/index.php\/wp-json\/wp\/v2\/pages\/603\/revisions"}],"predecessor-version":[{"id":914,"href":"https:\/\/designqualityglass.com\/index.php\/wp-json\/wp\/v2\/pages\/603\/revisions\/914"}],"wp:attachment":[{"href":"https:\/\/designqualityglass.com\/index.php\/wp-json\/wp\/v2\/media?parent=603"}],"curies":[{"name":"wp","href":"https:\/\/api.w.org\/{rel}","templated":true}]}}