{"id":682,"date":"2023-04-27T17:33:08","date_gmt":"2023-04-27T22:33:08","guid":{"rendered":"http:\/\/designqualityglass.com\/?page_id=682"},"modified":"2025-01-04T19:36:23","modified_gmt":"2025-01-05T01:36:23","slug":"contacto","status":"publish","type":"page","link":"https:\/\/designqualityglass.com\/index.php\/contacto\/","title":{"rendered":"Contacto"},"content":{"rendered":"<p>[et_pb_section fb_built=\u00bb1&#8243; _builder_version=\u00bb4.21.0&#8243; _module_preset=\u00bbdefault\u00bb global_colors_info=\u00bb{}\u00bb][et_pb_row _builder_version=\u00bb4.21.0&#8243; _module_preset=\u00bbdefault\u00bb global_colors_info=\u00bb{}\u00bb][et_pb_column type=\u00bb4_4&#8243; _builder_version=\u00bb4.21.0&#8243; _module_preset=\u00bbdefault\u00bb global_colors_info=\u00bb{}\u00bb][et_pb_text _builder_version=\u00bb4.21.0&#8243; _module_preset=\u00bbdefault\u00bb custom_margin=\u00bb||-32px|||\u00bb global_colors_info=\u00bb{}\u00bb]<\/p>\n<h1>Contacto<\/h1>\n<p\">Le hacemos su presupuesto sin costo y sin compromiso de compra<\/p>\n<p>[\/et_pb_text][\/et_pb_column][\/et_pb_row][et_pb_row _builder_version=\u00bb4.21.0&#8243; _module_preset=\u00bbdefault\u00bb custom_padding=\u00bb0px|||||\u00bb global_colors_info=\u00bb{}\u00bb][et_pb_column type=\u00bb4_4&#8243; _builder_version=\u00bb4.21.0&#8243; _module_preset=\u00bbdefault\u00bb global_colors_info=\u00bb{}\u00bb][wpforms_selector form_id=\u00bb680&#8243; show_title=\u00bboff\u00bb show_desc=\u00bboff\u00bb _builder_version=\u00bb4.21.0&#8243; _module_preset=\u00bbdefault\u00bb hover_enabled=\u00bb0&#8243; global_colors_info=\u00bb{}\u00bb sticky_enabled=\u00bb0&#8243;][\/wpforms_selector][\/et_pb_column][\/et_pb_row][\/et_pb_section]<\/p>\n","protected":false},"excerpt":{"rendered":"<p>Contacto<\/p>\n","protected":false},"author":1,"featured_media":0,"parent":0,"menu_order":0,"comment_status":"closed","ping_status":"closed","template":"","meta":{"_et_pb_use_builder":"on","_et_pb_old_content":"","_et_gb_content_width":"","footnotes":""},"class_list":["post-682","page","type-page","status-publish","hentry"],"yoast_head":"<!-- This site is optimized with the Yoast SEO plugin v24.3 - https:\/\/yoast.com\/wordpress\/plugins\/seo\/ -->\n<title>Contacto - Design Quality Glass<\/title>\n<meta name=\"description\" content=\"Si necesitas ponerte en contacto con nosotros, has llegado al lugar correcto. En nuestra p\u00e1gina de contacto encontrar\u00e1s todas las formas de comunicarte con nuestro equipo de atenci\u00f3n al cliente, ya sea a trav\u00e9s de correo electr\u00f3nico, tel\u00e9fono o formulario de contacto. Estamos aqu\u00ed para responder a todas tus preguntas, atender tus solicitudes y brindarte la ayuda que necesitas. \u00a1No dudes en contactarnos!\" \/>\n<meta name=\"robots\" content=\"index, follow, max-snippet:-1, max-image-preview:large, max-video-preview:-1\" \/>\n<link rel=\"canonical\" href=\"https:\/\/designqualityglass.com\/index.php\/contacto\/\" \/>\n<meta property=\"og:locale\" content=\"es_ES\" \/>\n<meta property=\"og:type\" content=\"article\" \/>\n<meta property=\"og:title\" content=\"Contacto - Design Quality Glass\" \/>\n<meta property=\"og:description\" content=\"Si necesitas ponerte en contacto con nosotros, has llegado al lugar correcto. En nuestra p\u00e1gina de contacto encontrar\u00e1s todas las formas de comunicarte con nuestro equipo de atenci\u00f3n al cliente, ya sea a trav\u00e9s de correo electr\u00f3nico, tel\u00e9fono o formulario de contacto. Estamos aqu\u00ed para responder a todas tus preguntas, atender tus solicitudes y brindarte la ayuda que necesitas. \u00a1No dudes en contactarnos!\" \/>\n<meta property=\"og:url\" content=\"https:\/\/designqualityglass.com\/index.php\/contacto\/\" \/>\n<meta property=\"og:site_name\" content=\"Design Quality Glass\" \/>\n<meta property=\"article:modified_time\" content=\"2025-01-05T01:36:23+00:00\" \/>\n<meta name=\"twitter:card\" content=\"summary_large_image\" \/>\n<meta name=\"twitter:label1\" content=\"Tiempo de lectura\" \/>\n\t<meta name=\"twitter:data1\" content=\"1 minuto\" \/>\n<script type=\"application\/ld+json\" class=\"yoast-schema-graph\">{\"@context\":\"https:\/\/schema.org\",\"@graph\":[{\"@type\":\"WebPage\",\"@id\":\"https:\/\/designqualityglass.com\/index.php\/contacto\/\",\"url\":\"https:\/\/designqualityglass.com\/index.php\/contacto\/\",\"name\":\"Contacto - Design Quality Glass\",\"isPartOf\":{\"@id\":\"https:\/\/designqualityglass.com\/#website\"},\"datePublished\":\"2023-04-27T22:33:08+00:00\",\"dateModified\":\"2025-01-05T01:36:23+00:00\",\"description\":\"Si necesitas ponerte en contacto con nosotros, has llegado al lugar correcto. En nuestra p\u00e1gina de contacto encontrar\u00e1s todas las formas de comunicarte con nuestro equipo de atenci\u00f3n al cliente, ya sea a trav\u00e9s de correo electr\u00f3nico, tel\u00e9fono o formulario de contacto. Estamos aqu\u00ed para responder a todas tus preguntas, atender tus solicitudes y brindarte la ayuda que necesitas. \u00a1No dudes en contactarnos!\",\"breadcrumb\":{\"@id\":\"https:\/\/designqualityglass.com\/index.php\/contacto\/#breadcrumb\"},\"inLanguage\":\"es\",\"potentialAction\":[{\"@type\":\"ReadAction\",\"target\":[\"https:\/\/designqualityglass.com\/index.php\/contacto\/\"]}]},{\"@type\":\"BreadcrumbList\",\"@id\":\"https:\/\/designqualityglass.com\/index.php\/contacto\/#breadcrumb\",\"itemListElement\":[{\"@type\":\"ListItem\",\"position\":1,\"name\":\"Portada\",\"item\":\"https:\/\/designqualityglass.com\/\"},{\"@type\":\"ListItem\",\"position\":2,\"name\":\"Contacto\"}]},{\"@type\":\"WebSite\",\"@id\":\"https:\/\/designqualityglass.com\/#website\",\"url\":\"https:\/\/designqualityglass.com\/\",\"name\":\"Design Quality Glass\",\"description\":\"P\u00e9rgolas\",\"publisher\":{\"@id\":\"https:\/\/designqualityglass.com\/#organization\"},\"potentialAction\":[{\"@type\":\"SearchAction\",\"target\":{\"@type\":\"EntryPoint\",\"urlTemplate\":\"https:\/\/designqualityglass.com\/?s={search_term_string}\"},\"query-input\":{\"@type\":\"PropertyValueSpecification\",\"valueRequired\":true,\"valueName\":\"search_term_string\"}}],\"inLanguage\":\"es\"},{\"@type\":\"Organization\",\"@id\":\"https:\/\/designqualityglass.com\/#organization\",\"name\":\"Design Quality Glass\",\"url\":\"https:\/\/designqualityglass.com\/\",\"logo\":{\"@type\":\"ImageObject\",\"inLanguage\":\"es\",\"@id\":\"https:\/\/designqualityglass.com\/#\/schema\/logo\/image\/\",\"url\":\"http:\/\/designqualityglass.com\/wp-content\/uploads\/2023\/03\/Logo.jpg\",\"contentUrl\":\"http:\/\/designqualityglass.com\/wp-content\/uploads\/2023\/03\/Logo.jpg\",\"width\":320,\"height\":320,\"caption\":\"Design Quality Glass\"},\"image\":{\"@id\":\"https:\/\/designqualityglass.com\/#\/schema\/logo\/image\/\"}}]}<\/script>\n<!-- \/ Yoast SEO plugin. -->","yoast_head_json":{"title":"Contacto - Design Quality Glass","description":"Si necesitas ponerte en contacto con nosotros, has llegado al lugar correcto. En nuestra p\u00e1gina de contacto encontrar\u00e1s todas las formas de comunicarte con nuestro equipo de atenci\u00f3n al cliente, ya sea a trav\u00e9s de correo electr\u00f3nico, tel\u00e9fono o formulario de contacto. Estamos aqu\u00ed para responder a todas tus preguntas, atender tus solicitudes y brindarte la ayuda que necesitas. \u00a1No dudes en contactarnos!","robots":{"index":"index","follow":"follow","max-snippet":"max-snippet:-1","max-image-preview":"max-image-preview:large","max-video-preview":"max-video-preview:-1"},"canonical":"https:\/\/designqualityglass.com\/index.php\/contacto\/","og_locale":"es_ES","og_type":"article","og_title":"Contacto - Design Quality Glass","og_description":"Si necesitas ponerte en contacto con nosotros, has llegado al lugar correcto. En nuestra p\u00e1gina de contacto encontrar\u00e1s todas las formas de comunicarte con nuestro equipo de atenci\u00f3n al cliente, ya sea a trav\u00e9s de correo electr\u00f3nico, tel\u00e9fono o formulario de contacto. Estamos aqu\u00ed para responder a todas tus preguntas, atender tus solicitudes y brindarte la ayuda que necesitas. \u00a1No dudes en contactarnos!","og_url":"https:\/\/designqualityglass.com\/index.php\/contacto\/","og_site_name":"Design Quality Glass","article_modified_time":"2025-01-05T01:36:23+00:00","twitter_card":"summary_large_image","twitter_misc":{"Tiempo de lectura":"1 minuto"},"schema":{"@context":"https:\/\/schema.org","@graph":[{"@type":"WebPage","@id":"https:\/\/designqualityglass.com\/index.php\/contacto\/","url":"https:\/\/designqualityglass.com\/index.php\/contacto\/","name":"Contacto - Design Quality Glass","isPartOf":{"@id":"https:\/\/designqualityglass.com\/#website"},"datePublished":"2023-04-27T22:33:08+00:00","dateModified":"2025-01-05T01:36:23+00:00","description":"Si necesitas ponerte en contacto con nosotros, has llegado al lugar correcto. En nuestra p\u00e1gina de contacto encontrar\u00e1s todas las formas de comunicarte con nuestro equipo de atenci\u00f3n al cliente, ya sea a trav\u00e9s de correo electr\u00f3nico, tel\u00e9fono o formulario de contacto. Estamos aqu\u00ed para responder a todas tus preguntas, atender tus solicitudes y brindarte la ayuda que necesitas. \u00a1No dudes en contactarnos!","breadcrumb":{"@id":"https:\/\/designqualityglass.com\/index.php\/contacto\/#breadcrumb"},"inLanguage":"es","potentialAction":[{"@type":"ReadAction","target":["https:\/\/designqualityglass.com\/index.php\/contacto\/"]}]},{"@type":"BreadcrumbList","@id":"https:\/\/designqualityglass.com\/index.php\/contacto\/#breadcrumb","itemListElement":[{"@type":"ListItem","position":1,"name":"Portada","item":"https:\/\/designqualityglass.com\/"},{"@type":"ListItem","position":2,"name":"Contacto"}]},{"@type":"WebSite","@id":"https:\/\/designqualityglass.com\/#website","url":"https:\/\/designqualityglass.com\/","name":"Design Quality Glass","description":"P\u00e9rgolas","publisher":{"@id":"https:\/\/designqualityglass.com\/#organization"},"potentialAction":[{"@type":"SearchAction","target":{"@type":"EntryPoint","urlTemplate":"https:\/\/designqualityglass.com\/?s={search_term_string}"},"query-input":{"@type":"PropertyValueSpecification","valueRequired":true,"valueName":"search_term_string"}}],"inLanguage":"es"},{"@type":"Organization","@id":"https:\/\/designqualityglass.com\/#organization","name":"Design Quality Glass","url":"https:\/\/designqualityglass.com\/","logo":{"@type":"ImageObject","inLanguage":"es","@id":"https:\/\/designqualityglass.com\/#\/schema\/logo\/image\/","url":"http:\/\/designqualityglass.com\/wp-content\/uploads\/2023\/03\/Logo.jpg","contentUrl":"http:\/\/designqualityglass.com\/wp-content\/uploads\/2023\/03\/Logo.jpg","width":320,"height":320,"caption":"Design Quality Glass"},"image":{"@id":"https:\/\/designqualityglass.com\/#\/schema\/logo\/image\/"}}]}},"_links":{"self":[{"href":"https:\/\/designqualityglass.com\/index.php\/wp-json\/wp\/v2\/pages\/682","targetHints":{"allow":["GET"]}}],"collection":[{"href":"https:\/\/designqualityglass.com\/index.php\/wp-json\/wp\/v2\/pages"}],"about":[{"href":"https:\/\/designqualityglass.com\/index.php\/wp-json\/wp\/v2\/types\/page"}],"author":[{"embeddable":true,"href":"https:\/\/designqualityglass.com\/index.php\/wp-json\/wp\/v2\/users\/1"}],"replies":[{"embeddable":true,"href":"https:\/\/designqualityglass.com\/index.php\/wp-json\/wp\/v2\/comments?post=682"}],"version-history":[{"count":9,"href":"https:\/\/designqualityglass.com\/index.php\/wp-json\/wp\/v2\/pages\/682\/revisions"}],"predecessor-version":[{"id":906,"href":"https:\/\/designqualityglass.com\/index.php\/wp-json\/wp\/v2\/pages\/682\/revisions\/906"}],"wp:attachment":[{"href":"https:\/\/designqualityglass.com\/index.php\/wp-json\/wp\/v2\/media?parent=682"}],"curies":[{"name":"wp","href":"https:\/\/api.w.org\/{rel}","templated":true}]}}